{"id":668,"date":"2025-08-31T14:45:37","date_gmt":"2025-08-31T14:45:37","guid":{"rendered":"https:\/\/guspirus.com\/?page_id=668"},"modified":"2025-08-31T14:46:33","modified_gmt":"2025-08-31T14:46:33","slug":"aviso-legal","status":"publish","type":"page","link":"https:\/\/guspirus.com\/en\/legal-notice\/","title":{"rendered":"Legal notice"},"content":{"rendered":"<div data-elementor-type=\"wp-page\" data-elementor-id=\"668\" class=\"elementor elementor-668\" data-elementor-post-type=\"page\">\n\t\t\t\t\t\t<section class=\"elementor-section elementor-top-section elementor-element elementor-element-345c013 elementor-section-boxed elementor-section-height-default elementor-section-height-default\" data-id=\"345c013\" data-element_type=\"section\" data-e-type=\"section\" data-settings=\"{&quot;background_background&quot;:&quot;classic&quot;}\">\n\t\t\t\t\t\t<div class=\"elementor-container elementor-column-gap-default\">\n\t\t\t\t\t<div class=\"elementor-column elementor-col-100 elementor-top-column elementor-element elementor-element-5c34383e\" data-id=\"5c34383e\" data-element_type=\"column\" data-e-type=\"column\" data-settings=\"{&quot;background_background&quot;:&quot;classic&quot;}\">\n\t\t\t<div class=\"elementor-widget-wrap elementor-element-populated\">\n\t\t\t\t\t<div class=\"elementor-background-overlay\"><\/div>\n\t\t\t\t\t\t<section class=\"elementor-section elementor-inner-section elementor-element elementor-element-48bc0dbb elementor-section-boxed elementor-section-height-default elementor-section-height-default\" data-id=\"48bc0dbb\" data-element_type=\"section\" data-e-type=\"section\">\n\t\t\t\t\t\t<div class=\"elementor-container elementor-column-gap-default\">\n\t\t\t\t\t<div class=\"elementor-column elementor-col-50 elementor-inner-column elementor-element elementor-element-5c31632\" data-id=\"5c31632\" data-element_type=\"column\" data-e-type=\"column\">\n\t\t\t<div class=\"elementor-widget-wrap elementor-element-populated\">\n\t\t\t\t\t\t<div class=\"elementor-element elementor-element-f043579 elementor-widget elementor-widget-woocommerce-breadcrumb\" data-id=\"f043579\" data-element_type=\"widget\" data-e-type=\"widget\" data-widget_type=\"woocommerce-breadcrumb.default\">\n\t\t\t\t\t<nav class=\"woocommerce-breadcrumb\" aria-label=\"Breadcrumb\" data-no-translation=\"\" data-trp-gettext=\"\">Home<\/nav>\t\t\t\t<\/div>\n\t\t\t\t<div class=\"elementor-element elementor-element-1ac4eccc elementor-widget elementor-widget-heading\" data-id=\"1ac4eccc\" data-element_type=\"widget\" data-e-type=\"widget\" data-widget_type=\"heading.default\">\n\t\t\t\t\t<h2 class=\"elementor-heading-title elementor-size-default\">Legal Notice<\/h2>\t\t\t\t<\/div>\n\t\t\t\t<div class=\"elementor-element elementor-element-44956c6f elementor-hidden-desktop elementor-hidden-tablet elementor-widget elementor-widget-spacer\" data-id=\"44956c6f\" data-element_type=\"widget\" data-e-type=\"widget\" data-widget_type=\"spacer.default\">\n\t\t\t\t\t\t\t<div class=\"elementor-spacer\">\n\t\t\t<div class=\"elementor-spacer-inner\"><\/div>\n\t\t<\/div>\n\t\t\t\t\t\t<\/div>\n\t\t\t\t\t<\/div>\n\t\t<\/div>\n\t\t\t\t<div class=\"elementor-column elementor-col-50 elementor-inner-column elementor-element elementor-element-b1716\" data-id=\"b1716\" data-element_type=\"column\" data-e-type=\"column\">\n\t\t\t<div class=\"elementor-widget-wrap\">\n\t\t\t\t\t\t\t<\/div>\n\t\t<\/div>\n\t\t\t\t\t<\/div>\n\t\t<\/section>\n\t\t\t\t\t<\/div>\n\t\t<\/div>\n\t\t\t\t\t<\/div>\n\t\t<\/section>\n\t\t<div class=\"elementor-element elementor-element-a42aee1 e-flex e-con-boxed e-con e-parent\" data-id=\"a42aee1\" data-element_type=\"container\" data-e-type=\"container\">\n\t\t\t\t\t<div class=\"e-con-inner\">\n\t\t\t\t<div class=\"elementor-element elementor-element-7dcf50b elementor-widget elementor-widget-text-editor\" data-id=\"7dcf50b\" data-element_type=\"widget\" data-e-type=\"widget\" data-widget_type=\"text-editor.default\">\n\t\t\t\t\t\t\t\t\t<h3><b>I. GENERAL INFORMATION<\/b><\/h3><p><span style=\"font-weight: 400;\">In compliance with the duty of information provided in Law 34\/2002 on Information Society Services and Electronic Commerce (LSSI-CE) of July 11, the following general information about this website is provided below:<\/span><\/p><p><span style=\"font-weight: 400;\">The ownership of this website, www.guspirus.com, (hereinafter, Website) is held by: Vanessa Linares Capel, with NIF: 46062721T, and whose contact details are:<\/span><\/p><p><span style=\"font-weight: 400;\">Address: C\/Cant\u00e1bria 41, 2\u00ba-B<\/span><\/p><p><span style=\"font-weight: 400;\">Contact phone number: 620376687<\/span><\/p><p><span style=\"font-weight: 400;\">Contact email: guspirus@gmail.com<\/span><\/p><h3><b>II. GENERAL TERMS AND CONDITIONS OF USE<\/b><\/h3><h4><b>The purpose of the conditions: The Website<\/b><\/h4><p><span style=\"font-weight: 400;\">The purpose of these General Conditions of Use (hereinafter, Conditions) is to regulate access to and use of the Website. For the purposes of these Conditions, the Website shall be understood as: the external appearance of the screen interfaces, both static and dynamic, i.e., the navigation tree; and all elements integrated into both the screen interfaces and the navigation tree (hereinafter, Contents) and all online services or resources that it may offer to Users (hereinafter, Services).<\/span><\/p><p><span style=\"font-weight: 400;\">reserves the right to modify, at any time and without prior notice, the presentation and configuration of the Website and the Content and Services incorporated therein. The User acknowledges and accepts that it may interrupt, deactivate, and\/or cancel any of these elements integrated into the Website or access to them at any time.<\/span><\/p><p><span style=\"font-weight: 400;\">Access to the Website by the User is free of charge and, as a general rule, free of charge. The User does not have to provide any compensation to enjoy it, except for the cost of connection through the telecommunications network provided by the access provider contracted by the User.<\/span><\/p><p><span style=\"font-weight: 400;\">Use of any of the Website&#039;s Content or Services may be made through prior subscription or registration by the User.<\/span><\/p><h4><b>The User<\/b><\/h4><p><span style=\"font-weight: 400;\">Access, browsing, and use of the Website, as well as the spaces enabled for interaction between Users, such as comments and\/or blogging spaces, confers the status of User. Therefore, Users accept, from the moment they begin browsing the Website, all the Conditions established herein, as well as any subsequent modifications, without prejudice to the application of the corresponding mandatory legal regulations, as applicable. Given the relevance of the foregoing, Users are advised to read them each time they visit the Website.<\/span><\/p><p><span style=\"font-weight: 400;\">The Website provides a wide variety of information, services, and data. The User assumes responsibility for proper use of the Website. This responsibility extends to:<\/span><\/p><ul><li style=\"font-weight: 400;\" aria-level=\"1\"><span style=\"font-weight: 400;\">Any use of the information, Content and\/or Services and data offered by that is not contrary to the provisions of these Conditions, the Law, morality or public order, or that in any other way may imply infringement of the rights of third parties or the operation of the Website itself.<\/span><\/li><li style=\"font-weight: 400;\" aria-level=\"1\"><span style=\"font-weight: 400;\">The veracity and legality of the information provided by the User in the forms provided by for access to certain Content or Services offered by the Website. In any case, the User must immediately notify us of any event that may lead to the improper use of the information entered in said forms, such as, but not limited to, theft, loss, or unauthorized access to identifiers and\/or passwords, so that we can immediately cancel them.<\/span><\/li><\/ul><p><span style=\"font-weight: 400;\">reserves the right to remove any comments and contributions that violate the law, respect for human dignity, that are discriminatory, xenophobic, racist, pornographic, spammy, that threaten youth or childhood, public order or safety, or that, in its judgment, are not suitable for publication.<\/span><\/p><p><span style=\"font-weight: 400;\">In any case, it will not be responsible for the opinions expressed by Users through comments or other blogging or participation tools that may exist.<\/span><\/p><p><span style=\"font-weight: 400;\">Mere access to this Website does not imply any type of commercial relationship between the User and the User.<\/span><\/p><p><span style=\"font-weight: 400;\">Always in compliance with current legislation, this Website is intended for all persons, regardless of age, who may access and\/or browse the Website pages.<\/span><\/p><h3><b>III. ACCESS AND NAVIGATION ON THE WEBSITE: EXCLUSION OF WARRANTIES AND LIABILITY<\/b><\/h3><p><span style=\"font-weight: 400;\">does not guarantee the continuity, availability, or usefulness of the Website, nor of the Content or Services. It will do everything possible to ensure the Website functions properly; however, it is not responsible for, nor does it guarantee, that access to this Website will be uninterrupted or error-free.<\/span><\/p><p><span style=\"font-weight: 400;\">Nor does it assume any responsibility or guarantee that the content or software accessible through this Website is error-free or will cause damage to the User&#039;s computer system (software and hardware). Under no circumstances will it be liable for any loss, damage, or harm of any kind arising from access to, browsing in, or use of the Website, including, but not limited to, damage to computer systems or caused by the introduction of viruses.<\/span><\/p><p><span style=\"font-weight: 400;\">Nor is it responsible for any damages that may be caused to users due to improper use of this Website. In particular, it is not responsible in any way for any outages, interruptions, failures, or defects in telecommunications that may occur.<\/span><\/p><h3><b>IV. LINKS POLICY<\/b><\/h3><p><span style=\"font-weight: 400;\">Users are hereby informed that the Website provides or may provide users with means of linking (such as, but not limited to, links, banners, buttons), directories and search engines that allow users to access websites belonging to and\/or managed by third parties.<\/span><\/p><p><span style=\"font-weight: 400;\">The installation of these links, directories, and search engines on the Website is intended to facilitate Users&#039; search for and access to information available on the Internet, and cannot be considered a suggestion, recommendation, or invitation to visit them.<\/span><\/p><p><span style=\"font-weight: 400;\">does not offer or market, either itself or through third parties, the products and\/or services available on said linked sites.<\/span><\/p><p><span style=\"font-weight: 400;\">Likewise, it does not guarantee the technical availability, accuracy, truthfulness, validity, or legality of sites not owned by it that may be accessed through the links.<\/span><\/p><p><span style=\"font-weight: 400;\">Under no circumstances will it review or control the content of other websites, nor does it approve, examine or endorse the products and services, content, files and any other material existing on the aforementioned linked sites.<\/span><\/p><p><span style=\"font-weight: 400;\">assumes no liability for any damages that may arise from access, use, quality or legality of the content, communications, opinions, products and services of websites not managed by and that are linked to this Website.<\/span><\/p><p><span style=\"font-weight: 400;\">The User or third party who creates a hyperlink from a web page of another, different, website to the Website must know that:<\/span><\/p><p><span style=\"font-weight: 400;\">Reproduction\u2014in whole or in part\u2014of any of the Contents and\/or Services of the Website is not permitted without express authorization from .<\/span><\/p><p><span style=\"font-weight: 400;\">Any false, inaccurate or incorrect statements about the Website, or about its Contents and\/or Services, are also prohibited.<\/span><\/p><p><span style=\"font-weight: 400;\">Except for the hyperlink, the website on which said hyperlink is established will not contain any element of this Website protected as intellectual property by the Spanish legal system, unless expressly authorized by .<\/span><\/p><p><span style=\"font-weight: 400;\">The establishment of a hyperlink does not imply the existence of any relationship between you and the owner of the website from which it is created, nor does it imply the knowledge and acceptance of the content, services and\/or activities offered on said website, and vice versa.<\/span><\/p><h3><b>V. INTELLECTUAL AND INDUSTRIAL PROPERTY<\/b><\/h3><p><span style=\"font-weight: 400;\">For itself or as an assignee, it is the owner of all intellectual and industrial property rights of the Website, as well as of the elements contained therein (including, but not limited to, images, sound, audio, video, software or texts, trademarks or logos, color combinations, structure and design, selection of materials used, computer programs necessary for its operation, access and use, etc.). Consequently, these works are protected as intellectual property by Spanish law, and both Spanish and European regulations in this field, as well as international treaties relating to the subject matter and signed by Spain, are applicable to them.<\/span><\/p><p><span style=\"font-weight: 400;\">All rights reserved. Pursuant to the provisions of the Intellectual Property Law, the reproduction, distribution, and public communication, including making available, of all or part of the contents of this website for commercial purposes, on any medium and by any technical means, without the authorization of .<\/span><\/p><p><span style=\"font-weight: 400;\">The User agrees to respect the intellectual and industrial property rights of . They may view the elements of the Website or even print, copy, and store them on their computer&#039;s hard drive or any other physical medium, provided that this is done exclusively for their personal use. However, the User may not delete, alter, or manipulate any protective device or security system installed on the Website.<\/span><\/p><p><span style=\"font-weight: 400;\">If the User or a third party believes that any of the Website Content constitutes a violation of intellectual property rights, they must immediately notify us using the contact information in the GENERAL INFORMATION section of this Legal Notice and General Conditions of Use.<\/span><\/p><h3><b>VI. LEGAL ACTIONS, APPLICABLE LEGISLATION AND JURISDICTION<\/b><\/h3><p><span style=\"font-weight: 400;\">reserves the right to file any civil or criminal actions it deems necessary for improper use of the Website and Contents, or for non-compliance with these Conditions.<\/span><\/p><p><span style=\"font-weight: 400;\">The relationship between the User and the Company shall be governed by the current regulations applicable in Spain. Should any dispute arise regarding the interpretation and\/or application of these Terms and Conditions, the parties shall submit their disputes to ordinary jurisdiction and submit to the appropriate courts and tribunals.<\/span><\/p>\t\t\t\t\t\t\t\t<\/div>\n\t\t\t\t\t<\/div>\n\t\t\t\t<\/div>\n\t\t<div class=\"elementor-element elementor-element-edc0b29 e-flex e-con-boxed e-con e-parent\" data-id=\"edc0b29\" data-element_type=\"container\" data-e-type=\"container\">\n\t\t\t\t\t<div class=\"e-con-inner\">\n\t\t\t\t<div class=\"elementor-element elementor-element-28d8605 elementor-widget elementor-widget-spacer\" data-id=\"28d8605\" data-element_type=\"widget\" data-e-type=\"widget\" data-widget_type=\"spacer.default\">\n\t\t\t\t\t\t\t<div class=\"elementor-spacer\">\n\t\t\t<div class=\"elementor-spacer-inner\"><\/div>\n\t\t<\/div>\n\t\t\t\t\t\t<\/div>\n\t\t\t\t\t<\/div>\n\t\t\t\t<\/div>\n\t\t\t\t<\/div>","protected":false},"excerpt":{"rendered":"<p>Aviso Legal I. INFORMACI\u00d3N GENERAL En cumplimiento con el deber de informaci\u00f3n dispuesto en la Ley 34\/2002 de Servicios de la Sociedad de la Informaci\u00f3n y el Comercio Electr\u00f3nico (LSSI-CE) de 11 de julio, se facilitan a continuaci\u00f3n los siguientes datos de informaci\u00f3n general de este sitio web: La titularidad de este sitio web, www.guspirus.com, [&hellip;]<\/p>","protected":false},"author":1,"featured_media":0,"parent":0,"menu_order":0,"comment_status":"closed","ping_status":"closed","template":"","meta":{"footnotes":""},"class_list":["post-668","page","type-page","status-publish","hentry"],"_links":{"self":[{"href":"https:\/\/guspirus.com\/en\/wp-json\/wp\/v2\/pages\/668","targetHints":{"allow":["GET"]}}],"collection":[{"href":"https:\/\/guspirus.com\/en\/wp-json\/wp\/v2\/pages"}],"about":[{"href":"https:\/\/guspirus.com\/en\/wp-json\/wp\/v2\/types\/page"}],"author":[{"embeddable":true,"href":"https:\/\/guspirus.com\/en\/wp-json\/wp\/v2\/users\/1"}],"replies":[{"embeddable":true,"href":"https:\/\/guspirus.com\/en\/wp-json\/wp\/v2\/comments?post=668"}],"version-history":[{"count":4,"href":"https:\/\/guspirus.com\/en\/wp-json\/wp\/v2\/pages\/668\/revisions"}],"predecessor-version":[{"id":673,"href":"https:\/\/guspirus.com\/en\/wp-json\/wp\/v2\/pages\/668\/revisions\/673"}],"wp:attachment":[{"href":"https:\/\/guspirus.com\/en\/wp-json\/wp\/v2\/media?parent=668"}],"curies":[{"name":"wp","href":"https:\/\/api.w.org\/{rel}","templated":true}]}}