{"id":657,"date":"2025-08-31T14:39:04","date_gmt":"2025-08-31T14:39:04","guid":{"rendered":"https:\/\/guspirus.com\/?page_id=657"},"modified":"2025-08-31T14:43:01","modified_gmt":"2025-08-31T14:43:01","slug":"politica-de-cookies","status":"publish","type":"page","link":"https:\/\/guspirus.com\/en\/cookie-policy\/","title":{"rendered":"Cookie Policy"},"content":{"rendered":"<div data-elementor-type=\"wp-page\" data-elementor-id=\"657\" class=\"elementor elementor-657\" data-elementor-post-type=\"page\">\n\t\t\t\t\t\t<section class=\"elementor-section elementor-top-section elementor-element elementor-element-345c013 elementor-section-boxed elementor-section-height-default elementor-section-height-default\" data-id=\"345c013\" data-element_type=\"section\" data-e-type=\"section\" data-settings=\"{&quot;background_background&quot;:&quot;classic&quot;}\">\n\t\t\t\t\t\t<div class=\"elementor-container elementor-column-gap-default\">\n\t\t\t\t\t<div class=\"elementor-column elementor-col-100 elementor-top-column elementor-element elementor-element-5c34383e\" data-id=\"5c34383e\" data-element_type=\"column\" data-e-type=\"column\" data-settings=\"{&quot;background_background&quot;:&quot;classic&quot;}\">\n\t\t\t<div class=\"elementor-widget-wrap elementor-element-populated\">\n\t\t\t\t\t<div class=\"elementor-background-overlay\"><\/div>\n\t\t\t\t\t\t<section class=\"elementor-section elementor-inner-section elementor-element elementor-element-48bc0dbb elementor-section-boxed elementor-section-height-default elementor-section-height-default\" data-id=\"48bc0dbb\" data-element_type=\"section\" data-e-type=\"section\">\n\t\t\t\t\t\t<div class=\"elementor-container elementor-column-gap-default\">\n\t\t\t\t\t<div class=\"elementor-column elementor-col-50 elementor-inner-column elementor-element elementor-element-5c31632\" data-id=\"5c31632\" data-element_type=\"column\" data-e-type=\"column\">\n\t\t\t<div class=\"elementor-widget-wrap elementor-element-populated\">\n\t\t\t\t\t\t<div class=\"elementor-element elementor-element-f043579 elementor-widget elementor-widget-woocommerce-breadcrumb\" data-id=\"f043579\" data-element_type=\"widget\" data-e-type=\"widget\" data-widget_type=\"woocommerce-breadcrumb.default\">\n\t\t\t\t\t<nav class=\"woocommerce-breadcrumb\" aria-label=\"Breadcrumb\" data-no-translation=\"\" data-trp-gettext=\"\">Home<\/nav>\t\t\t\t<\/div>\n\t\t\t\t<div class=\"elementor-element elementor-element-1ac4eccc elementor-widget elementor-widget-heading\" data-id=\"1ac4eccc\" data-element_type=\"widget\" data-e-type=\"widget\" data-widget_type=\"heading.default\">\n\t\t\t\t\t<h2 class=\"elementor-heading-title elementor-size-default\">Cookie Policy<\/h2>\t\t\t\t<\/div>\n\t\t\t\t<div class=\"elementor-element elementor-element-44956c6f elementor-hidden-desktop elementor-hidden-tablet elementor-widget elementor-widget-spacer\" data-id=\"44956c6f\" data-element_type=\"widget\" data-e-type=\"widget\" data-widget_type=\"spacer.default\">\n\t\t\t\t\t\t\t<div class=\"elementor-spacer\">\n\t\t\t<div class=\"elementor-spacer-inner\"><\/div>\n\t\t<\/div>\n\t\t\t\t\t\t<\/div>\n\t\t\t\t\t<\/div>\n\t\t<\/div>\n\t\t\t\t<div class=\"elementor-column elementor-col-50 elementor-inner-column elementor-element elementor-element-b1716\" data-id=\"b1716\" data-element_type=\"column\" data-e-type=\"column\">\n\t\t\t<div class=\"elementor-widget-wrap\">\n\t\t\t\t\t\t\t<\/div>\n\t\t<\/div>\n\t\t\t\t\t<\/div>\n\t\t<\/section>\n\t\t\t\t\t<\/div>\n\t\t<\/div>\n\t\t\t\t\t<\/div>\n\t\t<\/section>\n\t\t<div class=\"elementor-element elementor-element-a42aee1 e-flex e-con-boxed e-con e-parent\" data-id=\"a42aee1\" data-element_type=\"container\" data-e-type=\"container\">\n\t\t\t\t\t<div class=\"e-con-inner\">\n\t\t\t\t<div class=\"elementor-element elementor-element-7dcf50b elementor-widget elementor-widget-text-editor\" data-id=\"7dcf50b\" data-element_type=\"widget\" data-e-type=\"widget\" data-widget_type=\"text-editor.default\">\n\t\t\t\t\t\t\t\t\t<p><span style=\"font-weight: 400;\">Access to this Website may involve the use of cookies. Cookies are small amounts of information stored in the browser used by each User\u2014on the various devices they may use to browse\u2014so that the server remembers certain information that will later be read only by the server that implemented it. Cookies facilitate browsing, make it more user-friendly, and do not harm the browsing device.<\/span><\/p>\n<p><span style=\"font-weight: 400;\">Cookies are automatic procedures for collecting information related to the preferences determined by the User during their visit to the Website in order to recognize them as a User and personalize their experience and use of the Website. They may also, for example, help identify and resolve errors.<\/span><\/p>\n<p><span style=\"font-weight: 400;\">The information collected through cookies may include the date and time of visits to the Website, the pages viewed, the time spent on the Website, and the sites visited just before and after the visit. However, no cookie allows the Website to contact the User&#039;s phone number or any other means of personal contact. No cookie can extract information from the User&#039;s hard drive or steal personal information. The only way for the User&#039;s private information to become part of the Cookie file is if the User personally provides that information to the server.<\/span><\/p>\n<p><span style=\"font-weight: 400;\">Cookies that allow a person to be identified are considered personal data. Therefore, the Privacy Policy described above will apply to them. In this regard, the User&#039;s consent will be required for their use. This consent will be communicated, based on an authentic choice, offered through an affirmative and positive decision, prior to initial processing, removable, and documented.<\/span><\/p>\n<h4><b>Own cookies<\/b><\/h4>\n<p><span style=\"font-weight: 400;\">These cookies are sent to the User&#039;s computer or device and managed exclusively by the Guspirus store to ensure the Website functions optimally. The information collected is used to improve the quality of the Website and its content, as well as the User&#039;s experience. These cookies allow the User to be recognized as a repeat visitor to the Website and adapt the content to offer content tailored to their preferences.<\/span><\/p>\n<p>\u00a0<\/p>\n<p><span style=\"font-weight: 400;\">Third-party cookies<\/span><\/p>\n<p><span style=\"font-weight: 400;\">These are cookies used and managed by third-party entities that provide the Guspirus store with services requested by the store to improve the Website and the user experience while browsing the Website. The main purposes for which third-party cookies are used are to obtain access statistics and analyze browsing information, that is, how the User interacts with the Website.<\/span><\/p>\n<p><span style=\"font-weight: 400;\">The information obtained refers to, for example, the number of pages visited, the language, the location from which the User accesses the IP address, the number of Users accessing the site, the frequency and repeat visits, the duration of the visit, the browser used, the operator, or the type of device used to visit. This information is used to improve the Website and identify new needs in order to offer Users optimal Content and\/or service. In all cases, the information is collected anonymously, and Website trend reports are prepared without identifying individual users.<\/span><\/p>\n<p><span style=\"font-weight: 400;\">You can obtain more information about cookies, privacy information, or consult the description of the type of cookies used, their main characteristics, expiration period, etc. in the following link(s):<\/span><\/p>\n<p><br \/><br \/><\/p>\n<p><span style=\"font-weight: 400;\">The entity(ies) responsible for supplying cookies may transfer this information to third parties, provided that this is required by law or a third party is processing this information for said entities.<\/span><\/p>\n<h4><b>Social media cookies<\/b><\/h4>\n<p><span style=\"font-weight: 400;\">The Guspirus store incorporates social media plugins, which allow access to these networks from the Website. For this reason, social media cookies may be stored in the User&#039;s browser. The owners of these social networks have their own data protection and cookie policies, and are, in each case, responsible for their own files and privacy practices. The User should refer to them to learn about these cookies and, where applicable, the processing of their personal data. For informational purposes only, the links where these privacy and\/or cookie policies can be consulted are provided below:<\/span><\/p>\n<ul>\n<li style=\"font-weight: 400;\" aria-level=\"1\"><span style=\"font-weight: 400;\">Facebook: <\/span><a href=\"https:\/\/www.facebook.com\/policies\/cookies\/\" target=\"_blank\" rel=\"noopener\"><span style=\"font-weight: 400;\">https:\/\/www.facebook.com\/policies\/cookies\/<\/span><\/a><\/li>\n<li style=\"font-weight: 400;\" aria-level=\"1\"><span style=\"font-weight: 400;\">Twitter: <\/span><a href=\"https:\/\/twitter.com\/es\/privacy\" target=\"_blank\" rel=\"noopener\"><span style=\"font-weight: 400;\">https:\/\/twitter.com\/es\/privacy<\/span><\/a><\/li>\n<li style=\"font-weight: 400;\" aria-level=\"1\"><span style=\"font-weight: 400;\">Instagram: <\/span><a href=\"https:\/\/help.instagram.com\/1896641480634370?ref=ig\" target=\"_blank\" rel=\"noopener\"><span style=\"font-weight: 400;\">https:\/\/help.instagram.com\/1896641480634370?ref=ig<\/span><\/a><\/li>\n<li style=\"font-weight: 400;\" aria-level=\"1\"><span style=\"font-weight: 400;\">YouTube: <\/span><a href=\"https:\/\/policies.google.com\/privacy?hl=es-419&amp;gl=mx\" target=\"_blank\" rel=\"noopener\"><span style=\"font-weight: 400;\">https:\/\/policies.google.com\/privacy?hl=es-419&amp;gl=mx<\/span><\/a><\/li>\n<li style=\"font-weight: 400;\" aria-level=\"1\"><span style=\"font-weight: 400;\">Pinterest: <\/span><a href=\"https:\/\/policy.pinterest.com\/es\/privacy-policy\" target=\"_blank\" rel=\"noopener\"><span style=\"font-weight: 400;\">https:\/\/policy.pinterest.com\/es\/privacy-policy<\/span><\/a><\/li>\n<li style=\"font-weight: 400;\" aria-level=\"1\"><span style=\"font-weight: 400;\">LinkedIn: <\/span><a href=\"https:\/\/www.linkedin.com\/legal\/cookie-policy?trk=hp-cookies\" target=\"_blank\" rel=\"noopener\"><span style=\"font-weight: 400;\">https:\/\/www.linkedin.com\/legal\/cookie-policy?trk=hp-cookies<\/span><\/a><\/li>\n<\/ul>\n<h4><b>Disable, reject and delete cookies<\/b><\/h4>\n<p><span style=\"font-weight: 400;\">The User may disable, reject, and delete cookies\u2014in whole or in part\u2014installed on their device through their browser settings (which include, for example, Chrome, Firefox, Safari, and Explorer). In this regard, the procedures for rejecting and deleting cookies may differ from one Internet browser to another. Therefore, the User should refer to the instructions provided by the Internet browser they are using. If they reject the use of cookies\u2014in whole or in part\u2014they may continue to use the Website, although their use of some of its features may be limited.<\/span><\/p>\t\t\t\t\t\t\t\t<\/div>\n\t\t\t\t\t<\/div>\n\t\t\t\t<\/div>\n\t\t<div class=\"elementor-element elementor-element-edc0b29 e-flex e-con-boxed e-con e-parent\" data-id=\"edc0b29\" data-element_type=\"container\" data-e-type=\"container\">\n\t\t\t\t\t<div class=\"e-con-inner\">\n\t\t\t\t<div class=\"elementor-element elementor-element-28d8605 elementor-widget elementor-widget-spacer\" data-id=\"28d8605\" data-element_type=\"widget\" data-e-type=\"widget\" data-widget_type=\"spacer.default\">\n\t\t\t\t\t\t\t<div class=\"elementor-spacer\">\n\t\t\t<div class=\"elementor-spacer-inner\"><\/div>\n\t\t<\/div>\n\t\t\t\t\t\t<\/div>\n\t\t\t\t\t<\/div>\n\t\t\t\t<\/div>\n\t\t\t\t<\/div>","protected":false},"excerpt":{"rendered":"<p>Pol\u00edtica de cookies El acceso a este Sitio Web puede implicar la utilizaci\u00f3n de cookies. Las cookies son peque\u00f1as cantidades de informaci\u00f3n que se almacenan en el navegador utilizado por cada Usuario \u2014en los distintos dispositivos que pueda utilizar para navegar\u2014 para que el servidor recuerde cierta informaci\u00f3n que posteriormente y \u00fanicamente el servidor que [&hellip;]<\/p>","protected":false},"author":1,"featured_media":0,"parent":0,"menu_order":0,"comment_status":"closed","ping_status":"closed","template":"","meta":{"footnotes":""},"class_list":["post-657","page","type-page","status-publish","hentry"],"_links":{"self":[{"href":"https:\/\/guspirus.com\/en\/wp-json\/wp\/v2\/pages\/657","targetHints":{"allow":["GET"]}}],"collection":[{"href":"https:\/\/guspirus.com\/en\/wp-json\/wp\/v2\/pages"}],"about":[{"href":"https:\/\/guspirus.com\/en\/wp-json\/wp\/v2\/types\/page"}],"author":[{"embeddable":true,"href":"https:\/\/guspirus.com\/en\/wp-json\/wp\/v2\/users\/1"}],"replies":[{"embeddable":true,"href":"https:\/\/guspirus.com\/en\/wp-json\/wp\/v2\/comments?post=657"}],"version-history":[{"count":4,"href":"https:\/\/guspirus.com\/en\/wp-json\/wp\/v2\/pages\/657\/revisions"}],"predecessor-version":[{"id":661,"href":"https:\/\/guspirus.com\/en\/wp-json\/wp\/v2\/pages\/657\/revisions\/661"}],"wp:attachment":[{"href":"https:\/\/guspirus.com\/en\/wp-json\/wp\/v2\/media?parent=657"}],"curies":[{"name":"wp","href":"https:\/\/api.w.org\/{rel}","templated":true}]}}